{"id":2965,"date":"2023-10-12T16:41:52","date_gmt":"2023-10-12T14:41:52","guid":{"rendered":"https:\/\/eurojobzz.de\/imprint\/"},"modified":"2023-11-21T16:28:21","modified_gmt":"2023-11-21T15:28:21","slug":"imprint","status":"publish","type":"page","link":"https:\/\/eurojobzz.com\/vi\/imprint\/","title":{"rendered":"Imprint"},"content":{"rendered":"<div class=\"fusion-fullwidth fullwidth-box fusion-builder-row-1 fusion-flex-container nonhundred-percent-fullwidth non-hundred-percent-height-scrolling\" style=\"--awb-border-sizes-top:0px;--awb-border-sizes-bottom:0px;--awb-border-sizes-left:0px;--awb-border-sizes-right:0px;--awb-border-radius-top-left:0px;--awb-border-radius-top-right:0px;--awb-border-radius-bottom-right:0px;--awb-border-radius-bottom-left:0px;--awb-padding-top:120px;--awb-padding-bottom:120px;--awb-padding-top-medium:90px;--awb-padding-bottom-medium:90px;--awb-padding-top-small:80px;--awb-padding-bottom-small:80px;--awb-background-color:var(--awb-color1);--awb-flex-wrap:wrap;\" ><div class=\"fusion-builder-row fusion-row fusion-flex-align-items-flex-start fusion-flex-content-wrap\" style=\"max-width:calc( 1200px + 100px );margin-left: calc(-100px \/ 2 );margin-right: calc(-100px \/ 2 );\"><div class=\"fusion-layout-column fusion_builder_column fusion-builder-column-0 fusion_builder_column_1_1 1_1 fusion-flex-column fusion-animated\" style=\"--awb-bg-size:cover;--awb-border-color:hsla(var(--awb-color8-h),var(--awb-color8-s),var(--awb-color8-l),calc( var(--awb-color8-a) - 92% ));--awb-border-style:solid;--awb-width-large:100%;--awb-margin-top-large:0px;--awb-spacing-right-large:50px;--awb-margin-bottom-large:0px;--awb-spacing-left-large:50px;--awb-width-medium:50%;--awb-order-medium:0;--awb-spacing-right-medium:50px;--awb-spacing-left-medium:50px;--awb-width-small:100%;--awb-order-small:0;--awb-margin-top-small:0px;--awb-spacing-right-small:50px;--awb-margin-bottom-small:30px;--awb-spacing-left-small:50px;\" data-animationType=\"fadeInUp\" data-animationDuration=\"1.2\" data-animationOffset=\"top-into-view\"><div class=\"fusion-column-wrapper fusion-column-has-shadow fusion-flex-justify-content-flex-start fusion-content-layout-column\"><div class=\"fusion-title title fusion-title-1 fusion-sep-none fusion-title-text fusion-title-size-two\" style=\"--awb-margin-top:0px;--awb-margin-bottom:20px;\"><h2 class=\"fusion-title-heading title-heading-left\" style=\"margin:0;\">EUROJOBZZ<\/h2><\/div><div class=\"fusion-text fusion-text-1\"><p>SB Treureal T\u01b0 v\u1ea5n AG<br \/>\nRischberg 15 \u00b7<br \/>\nCH- 6403 K\u00fcssnacht am Rigi<\/p>\n<p>Ban \u0111i\u1ec1u h\u00e0nh: \u00d4ng Thomas Breunig<\/p>\n<p>EUROJOBZZ l\u00e0 m\u1ed9t s\u1ea3n ph\u1ea9m c\u1ee7a SB Treureal Consult AG<\/p>\n<p>Th\u01b0 \u0111i\u1ec7n t\u1eed: info@eurojobzz.com<br \/>\nTrang web: https:\/\/www.eurojobzz.com\/<br \/>\nS\u1ed1 \u0111\u0103ng k\u00fd t\u1ea1i t\u00f2a \u00e1n CHE-107.021.593<\/p>\n<p>Ng\u01b0\u1eddi ch\u1ecbu tr\u00e1ch nhi\u1ec7m v\u1ec1 n\u1ed9i dung: \u00d4ng Thomas Breunig<\/p>\n<p><strong>B\u1ea3n quy\u1ec1n<\/strong><\/p>\n<p>N\u1ed9i dung trang web n\u00e0y ho\u1eb7c m\u1ed9t ph\u1ea7n c\u1ee7a n\u00f3 \u0111\u01b0\u1ee3c b\u1ea3o v\u1ec7 b\u1edfi b\u1ea3n quy\u1ec1n. B\u1ea3n quy\u1ec1n thu\u1ed9c v\u1ec1 SB Treureal Consult AG ho\u1eb7c ng\u01b0\u1eddi \u0111\u00e3 c\u1ea5p quy\u1ec1n s\u1eed d\u1ee5ng t\u01b0\u01a1ng \u1ee9ng cho SB Treureal Consult AG.<\/p>\n<p>C\u00e1c trang c\u1ee5 th\u1ec3 tr\u00ean trang web n\u00e0y c\u00f3 th\u1ec3 \u0111\u01b0\u1ee3c t\u1ea3i xu\u1ed1ng, l\u01b0u tr\u1eef t\u1ea1m th\u1eddi v\u00e0 in ra \u0111\u1ec3 s\u1eed d\u1ee5ng ri\u00eang t\u1ea1i t\u1ed5 ch\u1ee9c c\u1ee7a b\u1ea1n.<\/p>\n<p><strong>Gi\u1ea3i quy\u1ebft tranh ch\u1ea5p<\/strong><\/p>\n<p>Gi\u1ea3i quy\u1ebft tranh ch\u1ea5p tr\u1ef1c tuy\u1ebfn theo quy \u0111\u1ecbnh c\u1ee7a \u0110i\u1ec1u 14, \u0110i\u1ec1u 1 c\u1ee7a ODR-VO<\/p>\n<p>\u1ee6y ban ch\u00e2u \u00c2u cung c\u1ea5p m\u1ed9t n\u1ec1n t\u1ea3ng gi\u1ea3i quy\u1ebft tranh ch\u1ea5p tr\u1ef1c tuy\u1ebfn (ODR) m\u00e0 b\u1ea1n c\u00f3 th\u1ec3 t\u00ecm th\u1ea5y t\u1ea1i https:\/\/ec.europa.eu\/consumers\/odr\/main\/?event=main.complaints.screeningphase (Li\u00ean k\u1ebft kh\u00f4ng c\u00f2n hi\u1ec7u l\u1ef1c).<\/p>\n<\/div><\/div><\/div><\/div><\/div>\n","protected":false},"excerpt":{"rendered":"","protected":false},"author":2,"featured_media":0,"parent":0,"menu_order":0,"comment_status":"closed","ping_status":"closed","template":"100-width.php","meta":{"footnotes":""},"class_list":["post-2965","page","type-page","status-publish","hentry"],"_links":{"self":[{"href":"https:\/\/eurojobzz.com\/vi\/wp-json\/wp\/v2\/pages\/2965","targetHints":{"allow":["GET"]}}],"collection":[{"href":"https:\/\/eurojobzz.com\/vi\/wp-json\/wp\/v2\/pages"}],"about":[{"href":"https:\/\/eurojobzz.com\/vi\/wp-json\/wp\/v2\/types\/page"}],"author":[{"embeddable":true,"href":"https:\/\/eurojobzz.com\/vi\/wp-json\/wp\/v2\/users\/2"}],"replies":[{"embeddable":true,"href":"https:\/\/eurojobzz.com\/vi\/wp-json\/wp\/v2\/comments?post=2965"}],"version-history":[{"count":3,"href":"https:\/\/eurojobzz.com\/vi\/wp-json\/wp\/v2\/pages\/2965\/revisions"}],"predecessor-version":[{"id":4464,"href":"https:\/\/eurojobzz.com\/vi\/wp-json\/wp\/v2\/pages\/2965\/revisions\/4464"}],"wp:attachment":[{"href":"https:\/\/eurojobzz.com\/vi\/wp-json\/wp\/v2\/media?parent=2965"}],"curies":[{"name":"wp","href":"https:\/\/api.w.org\/{rel}","templated":true}]}}