{"id":2896,"date":"2023-10-12T16:46:07","date_gmt":"2023-10-12T14:46:07","guid":{"rendered":"https:\/\/eurojobzz.de\/su-rieng-tu\/"},"modified":"2023-11-21T17:15:08","modified_gmt":"2023-11-21T16:15:08","slug":"su-rieng-tu","status":"publish","type":"page","link":"https:\/\/eurojobzz.com\/vi\/su-rieng-tu\/","title":{"rendered":"B\u1ea3o v\u1ec7 d\u1eef li\u1ec7u"},"content":{"rendered":"<div class=\"fusion-fullwidth fullwidth-box fusion-builder-row-1 fusion-flex-container nonhundred-percent-fullwidth non-hundred-percent-height-scrolling\" style=\"--awb-border-sizes-top:0px;--awb-border-sizes-bottom:0px;--awb-border-sizes-left:0px;--awb-border-sizes-right:0px;--awb-border-radius-top-left:0px;--awb-border-radius-top-right:0px;--awb-border-radius-bottom-right:0px;--awb-border-radius-bottom-left:0px;--awb-padding-top:120px;--awb-padding-bottom:120px;--awb-padding-top-medium:90px;--awb-padding-bottom-medium:90px;--awb-padding-top-small:80px;--awb-padding-bottom-small:80px;--awb-background-color:var(--awb-color1);--awb-flex-wrap:wrap;\" ><div class=\"fusion-builder-row fusion-row fusion-flex-align-items-flex-start fusion-flex-content-wrap\" style=\"max-width:calc( 1200px + 100px );margin-left: calc(-100px \/ 2 );margin-right: calc(-100px \/ 2 );\"><div class=\"fusion-layout-column fusion_builder_column fusion-builder-column-0 fusion_builder_column_1_1 1_1 fusion-flex-column fusion-animated\" style=\"--awb-bg-size:cover;--awb-border-color:hsla(var(--awb-color8-h),var(--awb-color8-s),var(--awb-color8-l),calc( var(--awb-color8-a) - 92% ));--awb-border-style:solid;--awb-width-large:100%;--awb-margin-top-large:0px;--awb-spacing-right-large:50px;--awb-margin-bottom-large:0px;--awb-spacing-left-large:50px;--awb-width-medium:50%;--awb-order-medium:0;--awb-spacing-right-medium:50px;--awb-spacing-left-medium:50px;--awb-width-small:100%;--awb-order-small:0;--awb-margin-top-small:0px;--awb-spacing-right-small:50px;--awb-margin-bottom-small:30px;--awb-spacing-left-small:50px;\" data-animationType=\"fadeInUp\" data-animationDuration=\"1.2\" data-animationOffset=\"top-into-view\"><div class=\"fusion-column-wrapper fusion-column-has-shadow fusion-flex-justify-content-flex-start fusion-content-layout-column\"><div class=\"fusion-title title fusion-title-1 fusion-sep-none fusion-title-text fusion-title-size-two\" style=\"--awb-margin-top:0px;--awb-margin-bottom:20px;\"><h2 class=\"fusion-title-heading title-heading-left\" style=\"margin:0;\">Ch\u00fang t\u00f4i b\u1ea3o v\u1ec7 d\u1eef li\u1ec7u c\u1ee7a b\u1ea1n.<\/h2><\/div><div class=\"fusion-text fusion-text-1\"><p>(1) Trong ph\u1ea1m vi c\u1ee7a quy \u0111\u1ecbnh ph\u00e1p lu\u1eadt, SB Treureal Consult \u0111\u01b0\u1ee3c \u1ee7y quy\u1ec1n x\u1eed l\u00fd d\u1eef li\u1ec7u li\u00ean quan \u0111\u1ebfn m\u1ed1i quan h\u1ec7 kinh doanh t\u1eeb th\u00f4ng tin m\u00e0 nh\u00e0 tuy\u1ec3n d\u1ee5ng \u0111\u00e3 cung c\u1ea5p, b\u1ea5t k\u1ec3 li\u1ec7u ch\u00fang \u0111\u1ebfn t\u1eeb b\u00ean nh\u00e0 tuy\u1ec3n d\u1ee5ng ho\u1eb7c m\u1ed9t b\u00ean th\u1ee9 ba, tu\u00e2n theo Lu\u1eadt b\u1ea3o v\u1ec7 d\u1eef li\u1ec7u li\u00ean bang cho m\u1ee5c \u0111\u00edch c\u1ee7a ch\u00ednh h\u1ecd.<\/p>\n<p>(2) M\u1ecdi y\u00eau c\u1ea7u b\u1ed3i th\u01b0\u1eddng li\u00ean quan \u0111\u1ebfn vi\u1ec7c x\u1eed l\u00fd d\u1eef li\u1ec7u nh\u01b0 v\u1eady, ngo\u1ea1i tr\u1eeb tr\u00e1ch nhi\u1ec7m theo \u00a7 13 (H\u1ea1n ch\u1ebf tr\u00e1ch nhi\u1ec7m v\u00e0 lo\u1ea1i tr\u1eeb tr\u00e1ch nhi\u1ec7m), \u0111\u1ec1u kh\u00f4ng \u0111\u01b0\u1ee3c ch\u1ea5p nh\u1eadn.<\/p>\n<p>(3) D\u1eef li\u1ec7u c\u00e1 nh\u00e2n \u0111\u01b0\u1ee3c thu th\u1eadp v\u00e0 x\u1eed l\u00fd b\u1edfi SB Treureal Consult theo Lu\u1eadt B\u1ea3o v\u1ec7 D\u1eef li\u1ec7u chung (DSGVO) v\u00e0 Lu\u1eadt truy\u1ec1n th\u00f4ng \u0111i\u1ec7n t\u1eed (TMG).<\/p>\n<p>(4) SB Treureal Consult \u0111\u1ea3m b\u1ea3o an to\u00e0n d\u1eef li\u1ec7u \u0111\u01b0\u1ee3c nh\u1eadp v\u00e0o trang web v\u00e0 trao \u0111\u1ed5i qua email theo c\u00f4ng ngh\u1ec7 hi\u1ec7n \u0111\u1ea1i nh\u1ea5t.<\/p>\n<\/div><\/div><\/div><\/div><\/div>\n","protected":false},"excerpt":{"rendered":"","protected":false},"author":2,"featured_media":0,"parent":0,"menu_order":0,"comment_status":"closed","ping_status":"closed","template":"100-width.php","meta":{"footnotes":""},"class_list":["post-2896","page","type-page","status-publish","hentry"],"_links":{"self":[{"href":"https:\/\/eurojobzz.com\/vi\/wp-json\/wp\/v2\/pages\/2896","targetHints":{"allow":["GET"]}}],"collection":[{"href":"https:\/\/eurojobzz.com\/vi\/wp-json\/wp\/v2\/pages"}],"about":[{"href":"https:\/\/eurojobzz.com\/vi\/wp-json\/wp\/v2\/types\/page"}],"author":[{"embeddable":true,"href":"https:\/\/eurojobzz.com\/vi\/wp-json\/wp\/v2\/users\/2"}],"replies":[{"embeddable":true,"href":"https:\/\/eurojobzz.com\/vi\/wp-json\/wp\/v2\/comments?post=2896"}],"version-history":[{"count":7,"href":"https:\/\/eurojobzz.com\/vi\/wp-json\/wp\/v2\/pages\/2896\/revisions"}],"predecessor-version":[{"id":4470,"href":"https:\/\/eurojobzz.com\/vi\/wp-json\/wp\/v2\/pages\/2896\/revisions\/4470"}],"wp:attachment":[{"href":"https:\/\/eurojobzz.com\/vi\/wp-json\/wp\/v2\/media?parent=2896"}],"curies":[{"name":"wp","href":"https:\/\/api.w.org\/{rel}","templated":true}]}}