{"id":2845,"date":"2023-10-12T16:46:07","date_gmt":"2023-10-12T14:46:07","guid":{"rendered":"https:\/\/eurojobzz.de\/veri-koruma\/"},"modified":"2023-11-16T14:19:23","modified_gmt":"2023-11-16T13:19:23","slug":"gizlilik","status":"publish","type":"page","link":"https:\/\/eurojobzz.com\/tr\/gizlilik\/","title":{"rendered":"Gizlilik"},"content":{"rendered":"<div class=\"fusion-fullwidth fullwidth-box fusion-builder-row-1 fusion-flex-container nonhundred-percent-fullwidth non-hundred-percent-height-scrolling\" style=\"--awb-border-sizes-top:0px;--awb-border-sizes-bottom:0px;--awb-border-sizes-left:0px;--awb-border-sizes-right:0px;--awb-border-radius-top-left:0px;--awb-border-radius-top-right:0px;--awb-border-radius-bottom-right:0px;--awb-border-radius-bottom-left:0px;--awb-padding-top:120px;--awb-padding-bottom:120px;--awb-padding-top-medium:90px;--awb-padding-bottom-medium:90px;--awb-padding-top-small:80px;--awb-padding-bottom-small:80px;--awb-background-color:var(--awb-color1);--awb-flex-wrap:wrap;\" ><div class=\"fusion-builder-row fusion-row fusion-flex-align-items-flex-start fusion-flex-content-wrap\" style=\"max-width:calc( 1200px + 100px );margin-left: calc(-100px \/ 2 );margin-right: calc(-100px \/ 2 );\"><div class=\"fusion-layout-column fusion_builder_column fusion-builder-column-0 fusion_builder_column_1_1 1_1 fusion-flex-column fusion-animated\" style=\"--awb-bg-size:cover;--awb-border-color:hsla(var(--awb-color8-h),var(--awb-color8-s),var(--awb-color8-l),calc( var(--awb-color8-a) - 92% ));--awb-border-style:solid;--awb-width-large:100%;--awb-margin-top-large:0px;--awb-spacing-right-large:50px;--awb-margin-bottom-large:0px;--awb-spacing-left-large:50px;--awb-width-medium:50%;--awb-order-medium:0;--awb-spacing-right-medium:50px;--awb-spacing-left-medium:50px;--awb-width-small:100%;--awb-order-small:0;--awb-margin-top-small:0px;--awb-spacing-right-small:50px;--awb-margin-bottom-small:30px;--awb-spacing-left-small:50px;\" data-animationType=\"fadeInUp\" data-animationDuration=\"1.2\" data-animationOffset=\"top-into-view\"><div class=\"fusion-column-wrapper fusion-column-has-shadow fusion-flex-justify-content-flex-start fusion-content-layout-column\"><div class=\"fusion-title title fusion-title-1 fusion-sep-none fusion-title-text fusion-title-size-two\" style=\"--awb-margin-top:0px;--awb-margin-bottom:20px;\"><h2 class=\"fusion-title-heading title-heading-left\" style=\"margin:0;\">Gizlilik<\/h2><\/div><div class=\"fusion-text fusion-text-1\"><p>(1) SB Treureal Consult, yasal h\u00fck\u00fcmler \u00e7er\u00e7evesinde, i\u015fverenin kendisinden veya \u00fc\u00e7\u00fcnc\u00fc bir taraftan kaynaklan\u0131p kaynaklanmad\u0131\u011f\u0131na bak\u0131lmaks\u0131z\u0131n, i\u015f ili\u015fkisiyle ba\u011flant\u0131l\u0131 olarak al\u0131nan i\u015fveren verilerini Federal Veri Koruma Yasas\u0131&#8217;n\u0131n gerekliliklerine uygun olarak kendi ama\u00e7lar\u0131 i\u00e7in i\u015fleme hakk\u0131na sahiptir.<\/p>\n<p>(2) Madde 13 (Sorumlulu\u011fun s\u0131n\u0131rland\u0131r\u0131lmas\u0131 ve hari\u00e7 tutulmas\u0131) uyar\u0131nca sorumluluk hari\u00e7 olmak \u00fczere, bu t\u00fcr verilerin i\u015flenmesinden kaynaklanan zarar talepleri hari\u00e7 tutulmu\u015ftur.<\/p>\n<p>(3) Ki\u015fisel veriler SB Treureal Consult taraf\u0131ndan Alman Veri Koruma Y\u00f6netmeli\u011fi (DSGVO) ve Alman Telemedya Yasas\u0131 (TMG) uyar\u0131nca toplan\u0131r ve i\u015flenir.<\/p>\n<p>(4) SB Treureal Consult, platforma girilen verileri ve e-posta yaz\u0131\u015fmalar\u0131n\u0131 teknolojinin mevcut durumuna g\u00f6re g\u00fcvence alt\u0131na al\u0131r<\/p>\n<\/div><\/div><\/div><\/div><\/div>\n","protected":false},"excerpt":{"rendered":"","protected":false},"author":2,"featured_media":0,"parent":0,"menu_order":0,"comment_status":"closed","ping_status":"closed","template":"100-width.php","meta":{"footnotes":""},"class_list":["post-2845","page","type-page","status-publish","hentry"],"_links":{"self":[{"href":"https:\/\/eurojobzz.com\/tr\/wp-json\/wp\/v2\/pages\/2845","targetHints":{"allow":["GET"]}}],"collection":[{"href":"https:\/\/eurojobzz.com\/tr\/wp-json\/wp\/v2\/pages"}],"about":[{"href":"https:\/\/eurojobzz.com\/tr\/wp-json\/wp\/v2\/types\/page"}],"author":[{"embeddable":true,"href":"https:\/\/eurojobzz.com\/tr\/wp-json\/wp\/v2\/users\/2"}],"replies":[{"embeddable":true,"href":"https:\/\/eurojobzz.com\/tr\/wp-json\/wp\/v2\/comments?post=2845"}],"version-history":[{"count":8,"href":"https:\/\/eurojobzz.com\/tr\/wp-json\/wp\/v2\/pages\/2845\/revisions"}],"predecessor-version":[{"id":4416,"href":"https:\/\/eurojobzz.com\/tr\/wp-json\/wp\/v2\/pages\/2845\/revisions\/4416"}],"wp:attachment":[{"href":"https:\/\/eurojobzz.com\/tr\/wp-json\/wp\/v2\/media?parent=2845"}],"curies":[{"name":"wp","href":"https:\/\/api.w.org\/{rel}","templated":true}]}}